{"id":3166,"date":"2022-02-21T08:41:24","date_gmt":"2022-02-21T08:41:24","guid":{"rendered":"https:\/\/peegeldaja.ee\/?page_id=17"},"modified":"2025-04-23T20:02:16","modified_gmt":"2025-04-23T20:02:16","slug":"minust","status":"publish","type":"page","link":"https:\/\/peegeldaja.ee\/en\/minust\/","title":{"rendered":"About me"},"content":{"rendered":"<div data-elementor-type=\"wp-page\" data-elementor-id=\"3166\" class=\"elementor elementor-3166\">\n\t\t\t\t\t\t<section class=\"elementor-section elementor-top-section elementor-element elementor-element-65842506 elementor-section-boxed elementor-section-height-default elementor-section-height-default\" data-id=\"65842506\" data-element_type=\"section\" data-e-type=\"section\">\n\t\t\t\t\t\t<div class=\"elementor-container elementor-column-gap-default\">\n\t\t\t\t\t<div class=\"elementor-column elementor-col-100 elementor-top-column elementor-element elementor-element-1cabd098\" data-id=\"1cabd098\" data-element_type=\"column\" data-e-type=\"column\">\n\t\t\t<div class=\"elementor-widget-wrap elementor-element-populated\">\n\t\t\t\t\t\t<section class=\"elementor-section elementor-inner-section elementor-element elementor-element-33b88b3 elementor-section-boxed elementor-section-height-default elementor-section-height-default\" data-id=\"33b88b3\" data-element_type=\"section\" data-e-type=\"section\">\n\t\t\t\t\t\t<div class=\"elementor-container elementor-column-gap-default\">\n\t\t\t\t\t<div class=\"elementor-column elementor-col-66 elementor-inner-column elementor-element elementor-element-2b51793\" data-id=\"2b51793\" data-element_type=\"column\" data-e-type=\"column\">\n\t\t\t<div class=\"elementor-widget-wrap elementor-element-populated\">\n\t\t\t\t\t\t<div class=\"elementor-element elementor-element-5eb570f elementor-widget elementor-widget-heading\" data-id=\"5eb570f\" data-element_type=\"widget\" data-e-type=\"widget\" data-widget_type=\"heading.default\">\n\t\t\t\t<div class=\"elementor-widget-container\">\n\t\t\t\t\t<h1 class=\"elementor-heading-title elementor-size-default\">A bit about myself<\/h1>\t\t\t\t<\/div>\n\t\t\t\t<\/div>\n\t\t\t\t<div class=\"elementor-element elementor-element-8fbec39 elementor-widget elementor-widget-text-editor\" data-id=\"8fbec39\" data-element_type=\"widget\" data-e-type=\"widget\" data-widget_type=\"text-editor.default\">\n\t\t\t\t<div class=\"elementor-widget-container\">\n\t\t\t\t\t\t\t\t\t<figure><\/figure>\n<p><!-- \/wp:image --><!-- wp:paragraph {\"fontSize\":\"normal\"} --><\/p>\n<p>Hello! I'm Kai Karolin. I am an artist. Viewer. Reflector. I am an art teacher by education, then a graphic designer, a freelance graphic designer and now a certified nature therapist!!!\u00a0<\/p>\n<p>Alates 2021 kirjutan raamatuid. Asjaolude sunnil ei saanud ma tookord prille kanda. Seega ei saanud ei lugeda, sotsiaalmeedias h\u00e4ngida ega joonistadagi mitte. V\u00f5tsin osa &#8220;Noorte kirjanike&#8221; t\u00f6\u00f6toast. \u00dcks j\u00e4tkuvaid teemasid, mida seal k\u00e4sitleti, oli &#8220;Kuidas saada inspiratsiooni&#8221;<br \/>M\u00f5tlesin, mis selle inspiratsiooniga siis nii erilist peaks olema?! Mina istun paberi ja pastakaga maha, t\u00f5mban esimese joone &#8211; ja nii joonistus ISE kujunebki. Kas siis kirjutada niiviisi ei saa v\u00f5i?<br \/>Pikutasin diivanile (ilma prillideta!!), l\u00fclitasin recorderi sisse ja alustasin &#8220;lambist&#8221; jutustamist&#8230;<\/p>\n<p>Niiviisi j\u00e4ingi omi raamatuid looma: alul jutustan loo spontaanselt peat\u00fckkide viisi recorderisse ja seej\u00e4rel toksin teksti arvutisse. Toimetamise periood on aegan\u00f5udev.<br \/>Esimene e-pub <a href=\"https:\/\/www.apollo.ee\/e-raamat-naine-seikleb.html\">&#8220;Naine seikleb&#8221;<\/a><br \/>Viies raamat &#8211;<a href=\"https:\/\/www.apollo.ee\/et\/catalogsearch\/result?category_id=-1&amp;q=teemeister\"> &#8220;Teemeister&#8221;<\/a> on samuti e-pubina valmis ja saadaval.<\/p>\n<p><!-- \/wp:paragraph --><!-- wp:paragraph {\"fontSize\":\"normal\"} --><\/p>\n<p>&#8212;<\/p>\n<p>I am inspired to draw by a nice feeling or a discovery. I empty my mind, touch a piece of paper with a pencil and draw my first spontaneous line - an ideogram. The rest comes gradually, depending on what appears on the paper. That way, I never know in advance what the drawing will look like.\u00a0<\/p>\n<p><!-- \/wp:paragraph --><!-- wp:paragraph {\"fontSize\":\"normal\"} --><\/p>\n<p>As I am still in love with the computer, I scan my drawing digitally, remove the noise and create a graphical page with the tools of the program.<\/p>\n<p><!-- \/wp:paragraph --><\/p>\t\t\t\t\t\t\t\t<\/div>\n\t\t\t\t<\/div>\n\t\t\t\t\t<\/div>\n\t\t<\/div>\n\t\t\t\t<div class=\"elementor-column elementor-col-33 elementor-inner-column elementor-element elementor-element-3c6b024\" data-id=\"3c6b024\" data-element_type=\"column\" data-e-type=\"column\">\n\t\t\t<div class=\"elementor-widget-wrap elementor-element-populated\">\n\t\t\t\t\t\t<div class=\"elementor-element elementor-element-85fb6f8 elementor-widget elementor-widget-image\" data-id=\"85fb6f8\" data-element_type=\"widget\" data-e-type=\"widget\" data-widget_type=\"image.default\">\n\t\t\t\t<div class=\"elementor-widget-container\">\n\t\t\t\t\t\t\t\t\t\t\t\t\t\t\t<img fetchpriority=\"high\" decoding=\"async\" width=\"663\" height=\"740\" src=\"https:\/\/peegeldaja.ee\/wp-content\/uploads\/2022\/10\/Kai-scaled-1-663x740.jpg\" class=\"attachment-medium size-medium wp-image-1767\" alt=\"Kai Karolin foto\" srcset=\"https:\/\/peegeldaja.ee\/wp-content\/uploads\/2022\/10\/Kai-scaled-1-663x740.jpg 663w, https:\/\/peegeldaja.ee\/wp-content\/uploads\/2022\/10\/Kai-scaled-1-416x464.jpg 416w, https:\/\/peegeldaja.ee\/wp-content\/uploads\/2022\/10\/Kai-scaled-1-936x1044.jpg 936w, https:\/\/peegeldaja.ee\/wp-content\/uploads\/2022\/10\/Kai-scaled-1-768x857.jpg 768w, https:\/\/peegeldaja.ee\/wp-content\/uploads\/2022\/10\/Kai-scaled-1-1377x1536.jpg 1377w, https:\/\/peegeldaja.ee\/wp-content\/uploads\/2022\/10\/Kai-scaled-1-1836x2048.jpg 1836w, https:\/\/peegeldaja.ee\/wp-content\/uploads\/2022\/10\/Kai-scaled-1-11x12.jpg 11w\" sizes=\"(max-width: 663px) 100vw, 663px\" \/>\t\t\t\t\t\t\t\t\t\t\t\t\t\t\t<\/div>\n\t\t\t\t<\/div>\n\t\t\t\t\t<\/div>\n\t\t<\/div>\n\t\t\t\t\t<\/div>\n\t\t<\/section>\n\t\t\t\t<section class=\"elementor-section elementor-inner-section elementor-element elementor-element-1aef76c elementor-section-boxed elementor-section-height-default elementor-section-height-default\" data-id=\"1aef76c\" data-element_type=\"section\" data-e-type=\"section\">\n\t\t\t\t\t\t<div class=\"elementor-container elementor-column-gap-default\">\n\t\t\t\t\t<div class=\"elementor-column elementor-col-66 elementor-inner-column elementor-element elementor-element-e5cbe50\" data-id=\"e5cbe50\" data-element_type=\"column\" data-e-type=\"column\">\n\t\t\t<div class=\"elementor-widget-wrap elementor-element-populated\">\n\t\t\t\t\t\t<div class=\"elementor-element elementor-element-551c227 elementor-widget elementor-widget-heading\" data-id=\"551c227\" data-element_type=\"widget\" data-e-type=\"widget\" data-widget_type=\"heading.default\">\n\t\t\t\t<div class=\"elementor-widget-container\">\n\t\t\t\t\t<h2 class=\"elementor-heading-title elementor-size-default\">Start of pencil drawing<\/h2>\t\t\t\t<\/div>\n\t\t\t\t<\/div>\n\t\t\t\t<div class=\"elementor-element elementor-element-d501dd2 elementor-widget elementor-widget-text-editor\" data-id=\"d501dd2\" data-element_type=\"widget\" data-e-type=\"widget\" data-widget_type=\"text-editor.default\">\n\t\t\t\t<div class=\"elementor-widget-container\">\n\t\t\t\t\t\t\t\t\t<p><span style=\"font-weight: 400;\">I bought a box of crayons - just for fun, so it would be different when I draw at night before I go to bed. As usual, the drawing turned out monochrome. I was lost in thought as I finished the girl's leg, while my hand chose one colour, then another, then another. Oh! What is this?<\/span><\/p>\n<p><span style=\"font-weight: 400;\">I could feel physically what her foot was like in the slipper: with finer bones, soft muscles. The slipper, however, is made of cloth, velvety, purple, rubberised, edged with stiffer ribbons, with a soft sole...<\/span><\/p>\n<p><span style=\"font-weight: 400;\">Lord, how exciting! And I stuck to crayons for the rest. I've always seen the world in colour. My black-and-white graphics are just a conversion of colour.<\/span><\/p>\t\t\t\t\t\t\t\t<\/div>\n\t\t\t\t<\/div>\n\t\t\t\t\t<\/div>\n\t\t<\/div>\n\t\t\t\t<div class=\"elementor-column elementor-col-33 elementor-inner-column elementor-element elementor-element-605e193\" data-id=\"605e193\" data-element_type=\"column\" data-e-type=\"column\">\n\t\t\t<div class=\"elementor-widget-wrap\">\n\t\t\t\t\t\t\t<\/div>\n\t\t<\/div>\n\t\t\t\t\t<\/div>\n\t\t<\/section>\n\t\t\t\t<section class=\"elementor-section elementor-inner-section elementor-element elementor-element-08bf5c9 elementor-section-boxed elementor-section-height-default elementor-section-height-default\" data-id=\"08bf5c9\" data-element_type=\"section\" data-e-type=\"section\">\n\t\t\t\t\t\t<div class=\"elementor-container elementor-column-gap-default\">\n\t\t\t\t\t<div class=\"elementor-column elementor-col-66 elementor-inner-column elementor-element elementor-element-1374d5b\" data-id=\"1374d5b\" data-element_type=\"column\" data-e-type=\"column\">\n\t\t\t<div class=\"elementor-widget-wrap elementor-element-populated\">\n\t\t\t\t\t\t<div class=\"elementor-element elementor-element-f4267cf elementor-widget elementor-widget-video\" data-id=\"f4267cf\" data-element_type=\"widget\" data-e-type=\"widget\" data-settings=\"{&quot;youtube_url&quot;:&quot;https:\\\/\\\/youtu.be\\\/-mLdqvIaDt0&quot;,&quot;autoplay&quot;:&quot;yes&quot;,&quot;mute&quot;:&quot;yes&quot;,&quot;video_type&quot;:&quot;youtube&quot;,&quot;controls&quot;:&quot;yes&quot;}\" data-widget_type=\"video.default\">\n\t\t\t\t<div class=\"elementor-widget-container\">\n\t\t\t\t\t\t\t<div class=\"elementor-wrapper elementor-open-inline\">\n\t\t\t<div class=\"elementor-video\"><\/div>\t\t<\/div>\n\t\t\t\t\t\t<\/div>\n\t\t\t\t<\/div>\n\t\t\t\t<div class=\"elementor-element elementor-element-86e5a3a elementor-widget elementor-widget-text-editor\" data-id=\"86e5a3a\" data-element_type=\"widget\" data-e-type=\"widget\" data-widget_type=\"text-editor.default\">\n\t\t\t\t<div class=\"elementor-widget-container\">\n\t\t\t\t\t\t\t\t\t<p>There is one more thing. Most of my pictures are not verbally narrative. They convey information or a mood to the viewer through the emotion that was there when I was drawing. I've noticed that this energy doesn't change even if the drawing is copied or reduced. One piece was drawn only in pastel pencil on A3 paper, scanned into the computer in several parts, retouched, reduced and finally printed on A4. I gave it as a gift to a friend and she said that the image spoke to her in a special way.<\/p>\n<p>Here's the story. But for me, the image that has been passed on to others is gone from me. The personal magic of it is gone for me, and that's why I've been doing recent work just for myself. But viewers talk about the power of my images - so the power went where it needed to go!<\/p>\t\t\t\t\t\t\t\t<\/div>\n\t\t\t\t<\/div>\n\t\t\t\t<div class=\"elementor-element elementor-element-5cc17f1 elementor-widget elementor-widget-text-editor\" data-id=\"5cc17f1\" data-element_type=\"widget\" data-e-type=\"widget\" data-widget_type=\"text-editor.default\">\n\t\t\t\t<div class=\"elementor-widget-container\">\n\t\t\t\t\t\t\t\t\t<p>As you can see, the website also has an e-shop - this is where the exchange of energy and power takes place\nYou are welcome!\nKai<br \/>Oled teretulnud!<br \/>Kai<\/p>\t\t\t\t\t\t\t\t<\/div>\n\t\t\t\t<\/div>\n\t\t\t\t\t<\/div>\n\t\t<\/div>\n\t\t\t\t<div class=\"elementor-column elementor-col-33 elementor-inner-column elementor-element elementor-element-db5c058\" data-id=\"db5c058\" data-element_type=\"column\" data-e-type=\"column\">\n\t\t\t<div class=\"elementor-widget-wrap\">\n\t\t\t\t\t\t\t<\/div>\n\t\t<\/div>\n\t\t\t\t\t<\/div>\n\t\t<\/section>\n\t\t\t\t\t<\/div>\n\t\t<\/div>\n\t\t\t\t\t<\/div>\n\t\t<\/section>\n\t\t\t\t<section class=\"elementor-section elementor-top-section elementor-element elementor-element-7c98a3e elementor-section-boxed elementor-section-height-default elementor-section-height-default\" data-id=\"7c98a3e\" data-element_type=\"section\" data-e-type=\"section\">\n\t\t\t\t\t\t<div class=\"elementor-container elementor-column-gap-default\">\n\t\t\t\t\t<div class=\"elementor-column elementor-col-50 elementor-top-column elementor-element elementor-element-1f8ecfc\" data-id=\"1f8ecfc\" data-element_type=\"column\" data-e-type=\"column\">\n\t\t\t<div class=\"elementor-widget-wrap elementor-element-populated\">\n\t\t\t\t\t\t<div class=\"elementor-element elementor-element-89ff49d elementor-widget elementor-widget-text-editor\" data-id=\"89ff49d\" data-element_type=\"widget\" data-e-type=\"widget\" data-widget_type=\"text-editor.default\">\n\t\t\t\t<div class=\"elementor-widget-container\">\n\t\t\t\t\t\t\t\t\t<p>Below I will introduce my drawings and graphics for almost an hour and a half ! Enjoy!<\/p>\t\t\t\t\t\t\t\t<\/div>\n\t\t\t\t<\/div>\n\t\t\t\t<div class=\"elementor-element elementor-element-01ff89b elementor-widget elementor-widget-video\" data-id=\"01ff89b\" data-element_type=\"widget\" data-e-type=\"widget\" data-settings=\"{&quot;youtube_url&quot;:&quot;https:\\\/\\\/youtu.be\\\/74qZF6YsB8I&quot;,&quot;video_type&quot;:&quot;youtube&quot;,&quot;controls&quot;:&quot;yes&quot;}\" data-widget_type=\"video.default\">\n\t\t\t\t<div class=\"elementor-widget-container\">\n\t\t\t\t\t\t\t<div class=\"elementor-wrapper elementor-open-inline\">\n\t\t\t<div class=\"elementor-video\"><\/div>\t\t<\/div>\n\t\t\t\t\t\t<\/div>\n\t\t\t\t<\/div>\n\t\t\t\t\t<\/div>\n\t\t<\/div>\n\t\t\t\t<div class=\"elementor-column elementor-col-50 elementor-top-column elementor-element elementor-element-8e9381d\" data-id=\"8e9381d\" data-element_type=\"column\" data-e-type=\"column\">\n\t\t\t<div class=\"elementor-widget-wrap\">\n\t\t\t\t\t\t\t<\/div>\n\t\t<\/div>\n\t\t\t\t\t<\/div>\n\t\t<\/section>\n\t\t\t\t<\/div>","protected":false},"excerpt":{"rendered":"<p>Natukene endast Tere! Olen Kai Karolin. Kunstnik. Vaataja. Tunnetaja. Peegeldaja. Hariduselt kunsti\u00f5petaja, seej\u00e4rel graafiline disainer, vabagraafik ja n\u00fc\u00fcd diplomeeritud loodusterapeut!!\u00a0 Alates 2021 kirjutan raamatuid. Asjaolude sunnil ei saanud ma tookord prille kanda. Seega ei saanud ei lugeda, sotsiaalmeedias h\u00e4ngida ega joonistadagi mitte. V\u00f5tsin osa &#8220;Noorte kirjanike&#8221; t\u00f6\u00f6toast. \u00dcks j\u00e4tkuvaid teemasid, mida seal k\u00e4sitleti, oli &#8220;Kuidas [&hellip;]<\/p>","protected":false},"author":1,"featured_media":0,"parent":0,"menu_order":0,"comment_status":"closed","ping_status":"closed","template":"","meta":{"footnotes":""},"class_list":["post-3166","page","type-page","status-publish","hentry"],"_links":{"self":[{"href":"https:\/\/peegeldaja.ee\/en\/wp-json\/wp\/v2\/pages\/3166","targetHints":{"allow":["GET"]}}],"collection":[{"href":"https:\/\/peegeldaja.ee\/en\/wp-json\/wp\/v2\/pages"}],"about":[{"href":"https:\/\/peegeldaja.ee\/en\/wp-json\/wp\/v2\/types\/page"}],"author":[{"embeddable":true,"href":"https:\/\/peegeldaja.ee\/en\/wp-json\/wp\/v2\/users\/1"}],"replies":[{"embeddable":true,"href":"https:\/\/peegeldaja.ee\/en\/wp-json\/wp\/v2\/comments?post=3166"}],"version-history":[{"count":5,"href":"https:\/\/peegeldaja.ee\/en\/wp-json\/wp\/v2\/pages\/3166\/revisions"}],"predecessor-version":[{"id":3860,"href":"https:\/\/peegeldaja.ee\/en\/wp-json\/wp\/v2\/pages\/3166\/revisions\/3860"}],"wp:attachment":[{"href":"https:\/\/peegeldaja.ee\/en\/wp-json\/wp\/v2\/media?parent=3166"}],"curies":[{"name":"wp","href":"https:\/\/api.w.org\/{rel}","templated":true}]}}