{"id":3167,"date":"2022-02-21T08:42:02","date_gmt":"2022-02-21T08:42:02","guid":{"rendered":"https:\/\/peegeldaja.ee\/?page_id=19"},"modified":"2026-03-19T18:01:57","modified_gmt":"2026-03-19T18:01:57","slug":"massaaz","status":"publish","type":"page","link":"https:\/\/peegeldaja.ee\/en\/massaaz\/","title":{"rendered":"Massage"},"content":{"rendered":"<div data-elementor-type=\"wp-page\" data-elementor-id=\"3167\" class=\"elementor elementor-3167\">\n\t\t\t\t\t\t<section class=\"elementor-section elementor-top-section elementor-element elementor-element-3342887 elementor-section-boxed elementor-section-height-default elementor-section-height-default\" data-id=\"3342887\" data-element_type=\"section\" data-e-type=\"section\">\n\t\t\t\t\t\t<div class=\"elementor-container elementor-column-gap-default\">\n\t\t\t\t\t<div class=\"elementor-column elementor-col-50 elementor-top-column elementor-element elementor-element-a548f44\" data-id=\"a548f44\" data-element_type=\"column\" data-e-type=\"column\">\n\t\t\t<div class=\"elementor-widget-wrap elementor-element-populated\">\n\t\t\t\t\t\t<div class=\"elementor-element elementor-element-b88839c elementor-widget elementor-widget-text-editor\" data-id=\"b88839c\" data-element_type=\"widget\" data-e-type=\"widget\" data-widget_type=\"text-editor.default\">\n\t\t\t\t<div class=\"elementor-widget-container\">\n\t\t\t\t\t\t\t\t\t<h6><b>Kui sul on tarvis oma tervist turgutada<br \/>\u2013 oled teretulnud!<\/b><\/h6>\n<p>My massage room is located in Mustam\u00e4e, Tallinn, at Akadeemia tee 16<\/p>\t\t\t\t\t\t\t\t<\/div>\n\t\t\t\t<\/div>\n\t\t\t\t<div class=\"elementor-element elementor-element-181cb2e elementor-widget elementor-widget-text-editor\" data-id=\"181cb2e\" data-element_type=\"widget\" data-e-type=\"widget\" data-widget_type=\"text-editor.default\">\n\t\t\t\t<div class=\"elementor-widget-container\">\n\t\t\t\t\t\t\t\t\t<p>Kirjuta mulle: kaie.karolin@gmail.com<br \/>Telefon: +372 56217159<\/p>\n<p>Saad tulla minu vastuv\u00f5tule ka Stebby.ee teenusepakkujate keskkonnas\u00a0<\/p>\t\t\t\t\t\t\t\t<\/div>\n\t\t\t\t<\/div>\n\t\t\t\t\t<\/div>\n\t\t<\/div>\n\t\t\t\t<div class=\"elementor-column elementor-col-50 elementor-top-column elementor-element elementor-element-1f3e631\" data-id=\"1f3e631\" data-element_type=\"column\" data-e-type=\"column\">\n\t\t\t<div class=\"elementor-widget-wrap elementor-element-populated\">\n\t\t\t\t\t\t<div class=\"elementor-element elementor-element-fe8fd34 elementor-widget elementor-widget-image\" data-id=\"fe8fd34\" data-element_type=\"widget\" data-e-type=\"widget\" data-widget_type=\"image.default\">\n\t\t\t\t<div class=\"elementor-widget-container\">\n\t\t\t\t\t\t\t\t\t\t\t\t\t\t\t<img fetchpriority=\"high\" decoding=\"async\" width=\"980\" height=\"735\" src=\"https:\/\/peegeldaja.ee\/wp-content\/uploads\/2022\/04\/124-Kabinet-massaaziks-valmis-esimene-klient-scaled-1-1044x783.jpg\" class=\"attachment-large size-large wp-image-1068\" alt=\"Kai massaa\u017ei kabinet\" srcset=\"https:\/\/peegeldaja.ee\/wp-content\/uploads\/2022\/04\/124-Kabinet-massaaziks-valmis-esimene-klient-scaled-1-1044x783.jpg 1044w, https:\/\/peegeldaja.ee\/wp-content\/uploads\/2022\/04\/124-Kabinet-massaaziks-valmis-esimene-klient-scaled-1-416x312.jpg 416w, https:\/\/peegeldaja.ee\/wp-content\/uploads\/2022\/04\/124-Kabinet-massaaziks-valmis-esimene-klient-scaled-1-740x555.jpg 740w, https:\/\/peegeldaja.ee\/wp-content\/uploads\/2022\/04\/124-Kabinet-massaaziks-valmis-esimene-klient-scaled-1-768x576.jpg 768w, https:\/\/peegeldaja.ee\/wp-content\/uploads\/2022\/04\/124-Kabinet-massaaziks-valmis-esimene-klient-scaled-1-1536x1152.jpg 1536w, https:\/\/peegeldaja.ee\/wp-content\/uploads\/2022\/04\/124-Kabinet-massaaziks-valmis-esimene-klient-scaled-1-2048x1536.jpg 2048w, https:\/\/peegeldaja.ee\/wp-content\/uploads\/2022\/04\/124-Kabinet-massaaziks-valmis-esimene-klient-scaled-1-16x12.jpg 16w\" sizes=\"(max-width: 980px) 100vw, 980px\" \/>\t\t\t\t\t\t\t\t\t\t\t\t\t\t\t<\/div>\n\t\t\t\t<\/div>\n\t\t\t\t\t<\/div>\n\t\t<\/div>\n\t\t\t\t\t<\/div>\n\t\t<\/section>\n\t\t\t\t<section class=\"elementor-section elementor-top-section elementor-element elementor-element-9ea276c elementor-section-boxed elementor-section-height-default elementor-section-height-default\" data-id=\"9ea276c\" data-element_type=\"section\" data-e-type=\"section\">\n\t\t\t\t\t\t<div class=\"elementor-container elementor-column-gap-default\">\n\t\t\t\t\t<div class=\"elementor-column elementor-col-50 elementor-top-column elementor-element elementor-element-177896f\" data-id=\"177896f\" data-element_type=\"column\" data-e-type=\"column\">\n\t\t\t<div class=\"elementor-widget-wrap elementor-element-populated\">\n\t\t\t\t\t\t<div class=\"elementor-element elementor-element-66d2a44 elementor-widget elementor-widget-text-editor\" data-id=\"66d2a44\" data-element_type=\"widget\" data-e-type=\"widget\" data-widget_type=\"text-editor.default\">\n\t\t\t\t<div class=\"elementor-widget-container\">\n\t\t\t\t\t\t\t\t\t<p>Tai massaa\u017e matil &#8211; tulen ka b\u00fcroosse kohale<\/p>\t\t\t\t\t\t\t\t<\/div>\n\t\t\t\t<\/div>\n\t\t\t\t\t<\/div>\n\t\t<\/div>\n\t\t\t\t<div class=\"elementor-column elementor-col-50 elementor-top-column elementor-element elementor-element-d77d9cb\" data-id=\"d77d9cb\" data-element_type=\"column\" data-e-type=\"column\">\n\t\t\t<div class=\"elementor-widget-wrap elementor-element-populated\">\n\t\t\t\t\t\t<div class=\"elementor-element elementor-element-1ee59dc elementor-widget elementor-widget-image\" data-id=\"1ee59dc\" data-element_type=\"widget\" data-e-type=\"widget\" data-widget_type=\"image.default\">\n\t\t\t\t<div class=\"elementor-widget-container\">\n\t\t\t\t\t\t\t\t\t\t\t\t\t\t\t<img decoding=\"async\" width=\"503\" height=\"221\" src=\"https:\/\/peegeldaja.ee\/wp-content\/uploads\/2022\/04\/Taimassaaz.jpg\" class=\"attachment-large size-large wp-image-1064\" alt=\"Tai massaa\u017e\" srcset=\"https:\/\/peegeldaja.ee\/wp-content\/uploads\/2022\/04\/Taimassaaz.jpg 503w, https:\/\/peegeldaja.ee\/wp-content\/uploads\/2022\/04\/Taimassaaz-416x183.jpg 416w, https:\/\/peegeldaja.ee\/wp-content\/uploads\/2022\/04\/Taimassaaz-18x8.jpg 18w\" sizes=\"(max-width: 503px) 100vw, 503px\" \/>\t\t\t\t\t\t\t\t\t\t\t\t\t\t\t<\/div>\n\t\t\t\t<\/div>\n\t\t\t\t\t<\/div>\n\t\t<\/div>\n\t\t\t\t\t<\/div>\n\t\t<\/section>\n\t\t\t\t<section class=\"elementor-section elementor-top-section elementor-element elementor-element-50356085 elementor-section-boxed elementor-section-height-default elementor-section-height-default\" data-id=\"50356085\" data-element_type=\"section\" data-e-type=\"section\">\n\t\t\t\t\t\t<div class=\"elementor-container elementor-column-gap-default\">\n\t\t\t\t\t<div class=\"elementor-column elementor-col-100 elementor-top-column elementor-element elementor-element-2dfd4d0b\" data-id=\"2dfd4d0b\" data-element_type=\"column\" data-e-type=\"column\">\n\t\t\t<div class=\"elementor-widget-wrap elementor-element-populated\">\n\t\t\t\t\t\t<div class=\"elementor-element elementor-element-fb3c431 elementor-widget elementor-widget-heading\" data-id=\"fb3c431\" data-element_type=\"widget\" data-e-type=\"widget\" data-widget_type=\"heading.default\">\n\t\t\t\t<div class=\"elementor-widget-container\">\n\t\t\t\t\t<h2 class=\"elementor-heading-title elementor-size-default\">A little about myself:<\/h2>\t\t\t\t<\/div>\n\t\t\t\t<\/div>\n\t\t\t\t<div class=\"elementor-element elementor-element-294e35f elementor-widget elementor-widget-text-editor\" data-id=\"294e35f\" data-element_type=\"widget\" data-e-type=\"widget\" data-widget_type=\"text-editor.default\">\n\t\t\t\t<div class=\"elementor-widget-container\">\n\t\t\t\t\t\t\t\t\t<p>Olen loodusterapeudi haridusega, l\u00f5petanud Krautmanni Terviseakadeemia Idamaade loodusteraapia eriala 2014-2016. T\u00e4naseks k\u00fcmme aastat mass\u00f6\u00f6ri kogemusega.<br \/>My massage therapy is a bit unique - i.e. I use massage techniques according to the specifics and problems of each client at the moment. It is important to free the energy system of the body from blockages and stagnations that inhibit our health.<br \/>For this purpose, I use classical muscle treatment, influencing eastern energy points and opening reiki energy channels.<\/p>\t\t\t\t\t\t\t\t<\/div>\n\t\t\t\t<\/div>\n\t\t\t\t\t<\/div>\n\t\t<\/div>\n\t\t\t\t\t<\/div>\n\t\t<\/section>\n\t\t\t\t<\/div>","protected":false},"excerpt":{"rendered":"<p>Kui sul on tarvis oma tervist turgutada\u2013 oled teretulnud! Minu kabinet asub Tallinnas Mustam\u00e4el, aadressil Akadeemia tee 16. Kirjuta mulle: kaie.karolin@gmail.comTelefon: +372 56217159 Saad tulla minu vastuv\u00f5tule ka Stebby.ee teenusepakkujate keskkonnas\u00a0 Tai massaa\u017e matil &#8211; tulen ka b\u00fcroosse kohale Endast veidi: Olen loodusterapeudi haridusega, l\u00f5petanud Krautmanni Terviseakadeemia Idamaade loodusteraapia eriala 2014-2016. T\u00e4naseks k\u00fcmme aastat mass\u00f6\u00f6ri [&hellip;]<\/p>","protected":false},"author":1,"featured_media":0,"parent":0,"menu_order":0,"comment_status":"closed","ping_status":"closed","template":"","meta":{"footnotes":""},"class_list":["post-3167","page","type-page","status-publish","hentry"],"_links":{"self":[{"href":"https:\/\/peegeldaja.ee\/en\/wp-json\/wp\/v2\/pages\/3167","targetHints":{"allow":["GET"]}}],"collection":[{"href":"https:\/\/peegeldaja.ee\/en\/wp-json\/wp\/v2\/pages"}],"about":[{"href":"https:\/\/peegeldaja.ee\/en\/wp-json\/wp\/v2\/types\/page"}],"author":[{"embeddable":true,"href":"https:\/\/peegeldaja.ee\/en\/wp-json\/wp\/v2\/users\/1"}],"replies":[{"embeddable":true,"href":"https:\/\/peegeldaja.ee\/en\/wp-json\/wp\/v2\/comments?post=3167"}],"version-history":[{"count":5,"href":"https:\/\/peegeldaja.ee\/en\/wp-json\/wp\/v2\/pages\/3167\/revisions"}],"predecessor-version":[{"id":3907,"href":"https:\/\/peegeldaja.ee\/en\/wp-json\/wp\/v2\/pages\/3167\/revisions\/3907"}],"wp:attachment":[{"href":"https:\/\/peegeldaja.ee\/en\/wp-json\/wp\/v2\/media?parent=3167"}],"curies":[{"name":"wp","href":"https:\/\/api.w.org\/{rel}","templated":true}]}}